{"id":3,"date":"2020-03-03T18:28:28","date_gmt":"2020-03-03T18:28:28","guid":{"rendered":"http:\/\/thierrydelsart.com\/?page_id=3"},"modified":"2020-06-02T09:21:11","modified_gmt":"2020-06-02T09:21:11","slug":"privacy-policy","status":"publish","type":"page","link":"https:\/\/thierrydelsart.com\/index.php\/privacy-policy\/","title":{"rendered":"Pol\u00edtica de privacidad"},"content":{"rendered":"\n<h2 class=\"wp-block-heading\">Quienes somos<\/h2>\n\n\n\n<p><\/p>\n\n\n\n<p>Soy Thierry Delsart, fot\u00f3grafo profesional aut\u00f3nomo con NIF: X0809317Q, mi  website es: http:\/\/thierrydelsart.com.<\/p>\n\n\n\n<h2 class=\"wp-block-heading\">Que datos recolectamos:<\/h2>\n\n\n\n<p>S\u00f3lo recogemos las direcciones de e-mail que voluntariamente nos dej\u00e1is o que acceptais que usemos para que os env\u00ede mi newsletters. No compartimos esta lista con nadie.<\/p>\n\n\n\n<p>En cualquier momento os pod\u00e9is dar de baja de esta lista usando el enlace al final de la newsletter.<\/p>\n","protected":false},"excerpt":{"rendered":"<p>Quienes somos Soy Thierry Delsart, fot\u00f3grafo profesional aut\u00f3nomo con NIF: X0809317Q, mi website es: http:\/\/thierrydelsart.com. Que datos recolectamos: S\u00f3lo recogemos las direcciones de e-mail que voluntariamente nos dej\u00e1is o que acceptais que usemos para que os env\u00ede mi newsletters. No &hellip;<\/p>\n<p class=\"read-more\"> <a class=\"more-link\" href=\"https:\/\/thierrydelsart.com\/index.php\/privacy-policy\/\"> <span class=\"screen-reader-text\">Pol\u00edtica de privacidad<\/span> Leer m\u00e1s \u00bb<\/a><\/p>\n","protected":false},"author":1,"featured_media":0,"parent":0,"menu_order":0,"comment_status":"closed","ping_status":"open","template":"","meta":{"inline_featured_image":false,"_vp_format_video_url":"","_vp_image_focal_point":[],"footnotes":""},"class_list":["post-3","page","type-page","status-publish","hentry"],"yoast_head":"<!-- This site is optimized with the Yoast SEO plugin v27.3 - https:\/\/yoast.com\/product\/yoast-seo-wordpress\/ -->\n<title>Pol\u00edtica de privacidad - Thierry Delsart Foto<\/title>\n<meta name=\"robots\" content=\"index, follow, max-snippet:-1, max-image-preview:large, max-video-preview:-1\" \/>\n<link rel=\"canonical\" href=\"https:\/\/thierrydelsart.com\/index.php\/privacy-policy\/\" \/>\n<meta property=\"og:locale\" content=\"es_ES\" \/>\n<meta property=\"og:type\" content=\"article\" \/>\n<meta property=\"og:title\" content=\"Pol\u00edtica de privacidad - Thierry Delsart Foto\" \/>\n<meta property=\"og:description\" content=\"Quienes somos Soy Thierry Delsart, fot\u00f3grafo profesional aut\u00f3nomo con NIF: X0809317Q, mi website es: http:\/\/thierrydelsart.com. Que datos recolectamos: S\u00f3lo recogemos las direcciones de e-mail que voluntariamente nos dej\u00e1is o que acceptais que usemos para que os env\u00ede mi newsletters. No &hellip; Pol\u00edtica de privacidad Leer m\u00e1s \u00bb\" \/>\n<meta property=\"og:url\" content=\"https:\/\/thierrydelsart.com\/index.php\/privacy-policy\/\" \/>\n<meta property=\"og:site_name\" content=\"Thierry Delsart Foto\" \/>\n<meta property=\"article:publisher\" content=\"https:\/\/www.facebook.com\/thierry.delsart.foto\" \/>\n<meta property=\"article:modified_time\" content=\"2020-06-02T09:21:11+00:00\" \/>\n<meta name=\"twitter:card\" content=\"summary_large_image\" \/>\n<script type=\"application\/ld+json\" class=\"yoast-schema-graph\">{\"@context\":\"https:\\\/\\\/schema.org\",\"@graph\":[{\"@type\":\"WebPage\",\"@id\":\"https:\\\/\\\/thierrydelsart.com\\\/index.php\\\/privacy-policy\\\/\",\"url\":\"https:\\\/\\\/thierrydelsart.com\\\/index.php\\\/privacy-policy\\\/\",\"name\":\"Pol\u00edtica de privacidad - Thierry Delsart Foto\",\"isPartOf\":{\"@id\":\"https:\\\/\\\/thierrydelsart.com\\\/#website\"},\"datePublished\":\"2020-03-03T18:28:28+00:00\",\"dateModified\":\"2020-06-02T09:21:11+00:00\",\"breadcrumb\":{\"@id\":\"https:\\\/\\\/thierrydelsart.com\\\/index.php\\\/privacy-policy\\\/#breadcrumb\"},\"inLanguage\":\"es\",\"potentialAction\":[{\"@type\":\"ReadAction\",\"target\":[\"https:\\\/\\\/thierrydelsart.com\\\/index.php\\\/privacy-policy\\\/\"]}]},{\"@type\":\"BreadcrumbList\",\"@id\":\"https:\\\/\\\/thierrydelsart.com\\\/index.php\\\/privacy-policy\\\/#breadcrumb\",\"itemListElement\":[{\"@type\":\"ListItem\",\"position\":1,\"name\":\"Home\",\"item\":\"https:\\\/\\\/thierrydelsart.com\\\/\"},{\"@type\":\"ListItem\",\"position\":2,\"name\":\"Pol\u00edtica de privacidad\"}]},{\"@type\":\"WebSite\",\"@id\":\"https:\\\/\\\/thierrydelsart.com\\\/#website\",\"url\":\"https:\\\/\\\/thierrydelsart.com\\\/\",\"name\":\"Thierry Delsart Foto\",\"description\":\"Thierry Delsart Fotograf\u00eda\",\"publisher\":{\"@id\":\"https:\\\/\\\/thierrydelsart.com\\\/#\\\/schema\\\/person\\\/930355864a9b9ea808a6e5acec40f0f5\"},\"potentialAction\":[{\"@type\":\"SearchAction\",\"target\":{\"@type\":\"EntryPoint\",\"urlTemplate\":\"https:\\\/\\\/thierrydelsart.com\\\/?s={search_term_string}\"},\"query-input\":{\"@type\":\"PropertyValueSpecification\",\"valueRequired\":true,\"valueName\":\"search_term_string\"}}],\"inLanguage\":\"es\"},{\"@type\":[\"Person\",\"Organization\"],\"@id\":\"https:\\\/\\\/thierrydelsart.com\\\/#\\\/schema\\\/person\\\/930355864a9b9ea808a6e5acec40f0f5\",\"name\":\"Thierry Delsart\",\"image\":{\"@type\":\"ImageObject\",\"inLanguage\":\"es\",\"@id\":\"https:\\\/\\\/thierrydelsart.com\\\/wp-content\\\/uploads\\\/2021\\\/05\\\/zc-11957Cuadrado.jpg\",\"url\":\"https:\\\/\\\/thierrydelsart.com\\\/wp-content\\\/uploads\\\/2021\\\/05\\\/zc-11957Cuadrado.jpg\",\"contentUrl\":\"https:\\\/\\\/thierrydelsart.com\\\/wp-content\\\/uploads\\\/2021\\\/05\\\/zc-11957Cuadrado.jpg\",\"width\":1200,\"height\":1200,\"caption\":\"Thierry Delsart\"},\"logo\":{\"@id\":\"https:\\\/\\\/thierrydelsart.com\\\/wp-content\\\/uploads\\\/2021\\\/05\\\/zc-11957Cuadrado.jpg\"},\"description\":\"Thierry Delsart es un fot\u00f3grafo que quiere ayudar a sus clientes a mejorar su imagen o la de sus productos para tener m\u00e1s \u00e9xito.\",\"sameAs\":[\"http:\\\/\\\/thierrydelsart.com\",\"https:\\\/\\\/www.facebook.com\\\/thierry.delsart.foto\",\"https:\\\/\\\/www.instagram.com\\\/thierry.delsart.foto\",\"https:\\\/\\\/www.linkedin.com\\\/in\\\/thierrydelsart\\\/\",\"https:\\\/\\\/www.youtube.com\\\/user\\\/ttoomuch\\\/\"]}]}<\/script>\n<!-- \/ Yoast SEO plugin. -->","yoast_head_json":{"title":"Pol\u00edtica de privacidad - Thierry Delsart Foto","robots":{"index":"index","follow":"follow","max-snippet":"max-snippet:-1","max-image-preview":"max-image-preview:large","max-video-preview":"max-video-preview:-1"},"canonical":"https:\/\/thierrydelsart.com\/index.php\/privacy-policy\/","og_locale":"es_ES","og_type":"article","og_title":"Pol\u00edtica de privacidad - Thierry Delsart Foto","og_description":"Quienes somos Soy Thierry Delsart, fot\u00f3grafo profesional aut\u00f3nomo con NIF: X0809317Q, mi website es: http:\/\/thierrydelsart.com. Que datos recolectamos: S\u00f3lo recogemos las direcciones de e-mail que voluntariamente nos dej\u00e1is o que acceptais que usemos para que os env\u00ede mi newsletters. No &hellip; Pol\u00edtica de privacidad Leer m\u00e1s \u00bb","og_url":"https:\/\/thierrydelsart.com\/index.php\/privacy-policy\/","og_site_name":"Thierry Delsart Foto","article_publisher":"https:\/\/www.facebook.com\/thierry.delsart.foto","article_modified_time":"2020-06-02T09:21:11+00:00","twitter_card":"summary_large_image","schema":{"@context":"https:\/\/schema.org","@graph":[{"@type":"WebPage","@id":"https:\/\/thierrydelsart.com\/index.php\/privacy-policy\/","url":"https:\/\/thierrydelsart.com\/index.php\/privacy-policy\/","name":"Pol\u00edtica de privacidad - Thierry Delsart Foto","isPartOf":{"@id":"https:\/\/thierrydelsart.com\/#website"},"datePublished":"2020-03-03T18:28:28+00:00","dateModified":"2020-06-02T09:21:11+00:00","breadcrumb":{"@id":"https:\/\/thierrydelsart.com\/index.php\/privacy-policy\/#breadcrumb"},"inLanguage":"es","potentialAction":[{"@type":"ReadAction","target":["https:\/\/thierrydelsart.com\/index.php\/privacy-policy\/"]}]},{"@type":"BreadcrumbList","@id":"https:\/\/thierrydelsart.com\/index.php\/privacy-policy\/#breadcrumb","itemListElement":[{"@type":"ListItem","position":1,"name":"Home","item":"https:\/\/thierrydelsart.com\/"},{"@type":"ListItem","position":2,"name":"Pol\u00edtica de privacidad"}]},{"@type":"WebSite","@id":"https:\/\/thierrydelsart.com\/#website","url":"https:\/\/thierrydelsart.com\/","name":"Thierry Delsart Foto","description":"Thierry Delsart Fotograf\u00eda","publisher":{"@id":"https:\/\/thierrydelsart.com\/#\/schema\/person\/930355864a9b9ea808a6e5acec40f0f5"},"potentialAction":[{"@type":"SearchAction","target":{"@type":"EntryPoint","urlTemplate":"https:\/\/thierrydelsart.com\/?s={search_term_string}"},"query-input":{"@type":"PropertyValueSpecification","valueRequired":true,"valueName":"search_term_string"}}],"inLanguage":"es"},{"@type":["Person","Organization"],"@id":"https:\/\/thierrydelsart.com\/#\/schema\/person\/930355864a9b9ea808a6e5acec40f0f5","name":"Thierry Delsart","image":{"@type":"ImageObject","inLanguage":"es","@id":"https:\/\/thierrydelsart.com\/wp-content\/uploads\/2021\/05\/zc-11957Cuadrado.jpg","url":"https:\/\/thierrydelsart.com\/wp-content\/uploads\/2021\/05\/zc-11957Cuadrado.jpg","contentUrl":"https:\/\/thierrydelsart.com\/wp-content\/uploads\/2021\/05\/zc-11957Cuadrado.jpg","width":1200,"height":1200,"caption":"Thierry Delsart"},"logo":{"@id":"https:\/\/thierrydelsart.com\/wp-content\/uploads\/2021\/05\/zc-11957Cuadrado.jpg"},"description":"Thierry Delsart es un fot\u00f3grafo que quiere ayudar a sus clientes a mejorar su imagen o la de sus productos para tener m\u00e1s \u00e9xito.","sameAs":["http:\/\/thierrydelsart.com","https:\/\/www.facebook.com\/thierry.delsart.foto","https:\/\/www.instagram.com\/thierry.delsart.foto","https:\/\/www.linkedin.com\/in\/thierrydelsart\/","https:\/\/www.youtube.com\/user\/ttoomuch\/"]}]}},"_links":{"self":[{"href":"https:\/\/thierrydelsart.com\/index.php\/wp-json\/wp\/v2\/pages\/3","targetHints":{"allow":["GET"]}}],"collection":[{"href":"https:\/\/thierrydelsart.com\/index.php\/wp-json\/wp\/v2\/pages"}],"about":[{"href":"https:\/\/thierrydelsart.com\/index.php\/wp-json\/wp\/v2\/types\/page"}],"author":[{"embeddable":true,"href":"https:\/\/thierrydelsart.com\/index.php\/wp-json\/wp\/v2\/users\/1"}],"replies":[{"embeddable":true,"href":"https:\/\/thierrydelsart.com\/index.php\/wp-json\/wp\/v2\/comments?post=3"}],"version-history":[{"count":0,"href":"https:\/\/thierrydelsart.com\/index.php\/wp-json\/wp\/v2\/pages\/3\/revisions"}],"wp:attachment":[{"href":"https:\/\/thierrydelsart.com\/index.php\/wp-json\/wp\/v2\/media?parent=3"}],"curies":[{"name":"wp","href":"https:\/\/api.w.org\/{rel}","templated":true}]}}