{"id":4134,"date":"2026-03-19T10:16:42","date_gmt":"2026-03-19T10:16:42","guid":{"rendered":"https:\/\/thierrydelsart.com\/?page_id=4134"},"modified":"2026-03-19T10:18:43","modified_gmt":"2026-03-19T10:18:43","slug":"antes-despues-vp","status":"publish","type":"page","link":"https:\/\/thierrydelsart.com\/index.php\/antes-despues-vp\/","title":{"rendered":"Antes-despuesVP"},"content":{"rendered":"\t\t<div data-elementor-type=\"wp-page\" data-elementor-id=\"4134\" class=\"elementor elementor-4134\">\n\t\t\t\t\t\t<section class=\"elementor-section elementor-top-section elementor-element elementor-element-13a92944 elementor-section-boxed elementor-section-height-default elementor-section-height-default\" data-id=\"13a92944\" data-element_type=\"section\" data-e-type=\"section\">\n\t\t\t\t\t\t<div class=\"elementor-container elementor-column-gap-default\">\n\t\t\t\t\t<div class=\"elementor-column elementor-col-100 elementor-top-column elementor-element elementor-element-7a55fe6b\" data-id=\"7a55fe6b\" data-element_type=\"column\" data-e-type=\"column\">\n\t\t\t<div class=\"elementor-widget-wrap elementor-element-populated\">\n\t\t\t\t\t\t<div class=\"elementor-element elementor-element-63a6ccd6 elementor-widget elementor-widget-text-editor\" data-id=\"63a6ccd6\" data-element_type=\"widget\" data-e-type=\"widget\" data-widget_type=\"text-editor.default\">\n\t\t\t\t<div class=\"elementor-widget-container\">\n\t\t\t\t\t\t\t\t\t<h1>Prueba de adaptaci\u00f3n de las fotos existentes<\/h1><p>He aplicado una capa de iluminaci\u00f3n m\u00e1s natural. <br \/>He limpiado gran parte del exterior, pero dejando algo de la realidad del lugar sin que quede molesto.\u00a0<br \/>He dejado el marco de ventana en un color similar a las molduras.<br \/>Necesitar\u00eda un repaso a fondo del retoque, ya que la capa de luz aplicada es foto real sin retocar.<\/p>\t\t\t\t\t\t\t\t<\/div>\n\t\t\t\t<\/div>\n\t\t\t\t\t<\/div>\n\t\t<\/div>\n\t\t\t\t\t<\/div>\n\t\t<\/section>\n\t\t\t\t<section class=\"elementor-section elementor-top-section elementor-element elementor-element-17d5d63 elementor-section-boxed elementor-section-height-default elementor-section-height-default\" data-id=\"17d5d63\" data-element_type=\"section\" data-e-type=\"section\">\n\t\t\t\t\t\t<div class=\"elementor-container elementor-column-gap-default\">\n\t\t\t\t\t<div class=\"elementor-column elementor-col-100 elementor-top-column elementor-element elementor-element-e38f205\" data-id=\"e38f205\" data-element_type=\"column\" data-e-type=\"column\">\n\t\t\t<div class=\"elementor-widget-wrap elementor-element-populated\">\n\t\t\t\t\t\t<div class=\"elementor-element elementor-element-ef82fc8 elementor-widget elementor-widget-shortcode\" data-id=\"ef82fc8\" data-element_type=\"widget\" data-e-type=\"widget\" data-widget_type=\"shortcode.default\">\n\t\t\t\t<div class=\"elementor-widget-container\">\n\t\t\t\t\t\t\t<div class=\"elementor-shortcode\"><div class=\"align wp-block-icb-image-compare\" id='icbImageCompare-1' data-attributes='{&quot;beforeImg&quot;:{&quot;id&quot;:null,&quot;url&quot;:&quot;https:\\\/\\\/thierrydelsart.com\\\/wp-content\\\/uploads\\\/ComparativaVP\\\/VPSognioM-601-SuperiorHabitacionWeb.webp&quot;,&quot;alt&quot;:&quot;&quot;,&quot;title&quot;:&quot;&quot;},&quot;afterImg&quot;:{&quot;id&quot;:null,&quot;url&quot;:&quot;https:\\\/\\\/thierrydelsart.com\\\/wp-content\\\/uploads\\\/ComparativaVP\\\/VPSognioM-601-SuperiorHabitacion_v2Web.webp&quot;,&quot;alt&quot;:&quot;&quot;,&quot;title&quot;:&quot;&quot;},&quot;isSwap&quot;:true,&quot;beforeLabel&quot;:&quot;Antes&quot;,&quot;afterLabel&quot;:&quot;Despu\\u00e9s&quot;,&quot;align&quot;:&quot;&quot;,&quot;alignment&quot;:&quot;center&quot;,&quot;theme&quot;:&quot;default&quot;,&quot;width&quot;:&quot;80%&quot;,&quot;border&quot;:[],&quot;orientation&quot;:&quot;horizontal&quot;,&quot;isLabel&quot;:true,&quot;label&quot;:{&quot;hAlign&quot;:&quot;bottom&quot;,&quot;vAlign&quot;:&quot;center&quot;,&quot;isShowHover&quot;:false},&quot;labelTypo&quot;:{&quot;fontSize&quot;:{&quot;desktop&quot;:15,&quot;tablet&quot;:15,&quot;mobile&quot;:15}},&quot;labelColors&quot;:{&quot;color&quot;:&quot;#fff&quot;,&quot;bg&quot;:&quot;#00000080&quot;},&quot;labelPadding&quot;:{&quot;vertical&quot;:&quot;10px&quot;,&quot;horizontal&quot;:&quot;15px&quot;},&quot;isCap&quot;:true,&quot;cap&quot;:&quot;&quot;,&quot;capAlign&quot;:&quot;center&quot;,&quot;capTypo&quot;:{&quot;fontSize&quot;:{&quot;desktop&quot;:14,&quot;tablet&quot;:14,&quot;mobile&quot;:14}},&quot;capColors&quot;:{&quot;color&quot;:&quot;#333&quot;,&quot;bg&quot;:&quot;#f4f4f4&quot;},&quot;capPadding&quot;:{&quot;vertical&quot;:&quot;10px&quot;,&quot;horizontal&quot;:&quot;15px&quot;},&quot;dragg&quot;:{&quot;handleType&quot;:&quot;default&quot;,&quot;shapeType&quot;:&quot;default&quot;},&quot;styles&quot;:{&quot;container&quot;:{&quot;height&quot;:{&quot;desktop&quot;:&quot;&quot;,&quot;tablet&quot;:&quot;&quot;,&quot;mobile&quot;:&quot;&quot;}},&quot;dragg&quot;:{&quot;line&quot;:{&quot;bg&quot;:{&quot;color&quot;:&quot;#fff&quot;},&quot;size&quot;:2},&quot;icon&quot;:{&quot;color&quot;:&quot;&quot;},&quot;handler&quot;:{&quot;color&quot;:&quot;&quot;}}},&quot;options&quot;:{&quot;defaultOffset&quot;:0.5,&quot;moveMouseOver&quot;:false,&quot;isMoveClick&quot;:false,&quot;autoSlide&quot;:{&quot;isAutoSlide&quot;:false,&quot;speed&quot;:5,&quot;isHoverStop&quot;:true}},&quot;sliderOptions&quot;:{&quot;arrowType&quot;:&quot;style1&quot;,&quot;height&quot;:{&quot;desktop&quot;:&quot;400px&quot;,&quot;tablet&quot;:&quot;400px&quot;,&quot;mobile&quot;:&quot;400px&quot;},&quot;autoplay&quot;:true,&quot;dots&quot;:false,&quot;speed&quot;:500,&quot;autoplaySpeed&quot;:2500,&quot;pauseOnHover&quot;:true,&quot;infinite&quot;:true,&quot;arrows&quot;:true,&quot;slidesView&quot;:{&quot;desktop&quot;:1,&quot;tablet&quot;:1,&quot;mobile&quot;:1}},&quot;sliderStyle&quot;:{&quot;pagination&quot;:{&quot;active&quot;:&quot;#4527a4&quot;},&quot;navigation&quot;:{&quot;icon&quot;:{&quot;normal&quot;:{&quot;color&quot;:&quot;#000&quot;,&quot;size&quot;:&quot;22px&quot;},&quot;hover&quot;:{&quot;color&quot;:&quot;&quot;,&quot;size&quot;:&quot;22px&quot;}},&quot;container&quot;:{&quot;height&quot;:&quot;&quot;,&quot;width&quot;:&quot;&quot;,&quot;normal&quot;:{&quot;bg&quot;:{&quot;color&quot;:&quot;#fff&quot;},&quot;border&quot;:[],&quot;radius&quot;:{&quot;left&quot;:&quot;30px&quot;,&quot;right&quot;:&quot;30px&quot;,&quot;top&quot;:&quot;30px&quot;,&quot;bottom&quot;:&quot;30px&quot;}},&quot;hover&quot;:{&quot;bg&quot;:{&quot;color&quot;:&quot;#fff&quot;},&quot;border&quot;:[],&quot;radius&quot;:[]}}}},&quot;slider&quot;:[{&quot;beforeImg&quot;:{&quot;img&quot;:{&quot;url&quot;:&quot;https:\\\/\\\/templates.bplugins.com\\\/wp-content\\\/uploads\\\/2025\\\/03\\\/beafImg.jpg&quot;},&quot;beforeLabel&quot;:&quot;Before Label&quot;},&quot;afterImg&quot;:{&quot;img&quot;:{&quot;url&quot;:&quot;https:\\\/\\\/templates.bplugins.com\\\/wp-content\\\/uploads\\\/2025\\\/03\\\/beafImg2.jpg&quot;},&quot;afterLabel&quot;:&quot;After Label&quot;},&quot;caption&quot;:&quot;Before After Image Caption&quot;},{&quot;beforeImg&quot;:{&quot;img&quot;:{&quot;url&quot;:&quot;https:\\\/\\\/templates.bplugins.com\\\/wp-content\\\/uploads\\\/2025\\\/03\\\/beafImg.jpg&quot;},&quot;beforeLabel&quot;:&quot;Before Label&quot;},&quot;afterImg&quot;:{&quot;img&quot;:{&quot;url&quot;:&quot;https:\\\/\\\/templates.bplugins.com\\\/wp-content\\\/uploads\\\/2025\\\/03\\\/beafImg2.jpg&quot;},&quot;afterLabel&quot;:&quot;After Label&quot;},&quot;caption&quot;:&quot;Before After Image Caption&quot;},{&quot;beforeImg&quot;:{&quot;img&quot;:{&quot;url&quot;:&quot;https:\\\/\\\/templates.bplugins.com\\\/wp-content\\\/uploads\\\/2025\\\/03\\\/beafImg.jpg&quot;},&quot;beforeLabel&quot;:&quot;Before Label&quot;},&quot;afterImg&quot;:{&quot;img&quot;:{&quot;url&quot;:&quot;https:\\\/\\\/templates.bplugins.com\\\/wp-content\\\/uploads\\\/2025\\\/03\\\/beafImg2.jpg&quot;},&quot;afterLabel&quot;:&quot;After Label&quot;},&quot;caption&quot;:&quot;Before After Image Caption&quot;}]}' data-icbchecker='false'><\/div><\/div>\n\t\t\t\t\t\t<\/div>\n\t\t\t\t<\/div>\n\t\t\t\t\t<\/div>\n\t\t<\/div>\n\t\t\t\t\t<\/div>\n\t\t<\/section>\n\t\t\t\t<\/div>\n\t\t","protected":false},"excerpt":{"rendered":"<p>Prueba de adaptaci\u00f3n de las fotos existentes He aplicado una capa de iluminaci\u00f3n m\u00e1s natural. He limpiado gran parte del exterior, pero dejando algo de la realidad del lugar sin que quede molesto.\u00a0He dejado el marco de ventana en un &hellip;<\/p>\n<p class=\"read-more\"> <a class=\"more-link\" href=\"https:\/\/thierrydelsart.com\/index.php\/antes-despues-vp\/\"> <span class=\"screen-reader-text\">Antes-despuesVP<\/span> Leer m\u00e1s \u00bb<\/a><\/p>\n","protected":false},"author":1,"featured_media":0,"parent":0,"menu_order":0,"comment_status":"closed","ping_status":"closed","template":"elementor_header_footer","meta":{"inline_featured_image":false,"_vp_format_video_url":"","_vp_image_focal_point":[],"footnotes":""},"class_list":["post-4134","page","type-page","status-publish","hentry"],"yoast_head":"<!-- This site is optimized with the Yoast SEO plugin v27.5 - https:\/\/yoast.com\/product\/yoast-seo-wordpress\/ -->\n<title>Antes-despuesVP - Thierry Delsart Foto<\/title>\n<meta name=\"description\" content=\"Un retrato es m\u00e1s que una simple foto de una cara, es transmitir la personalida y el estado de \u00e1nimo de una persona.\" \/>\n<meta name=\"robots\" content=\"index, follow, max-snippet:-1, max-image-preview:large, max-video-preview:-1\" \/>\n<link rel=\"canonical\" href=\"https:\/\/thierrydelsart.com\/index.php\/antes-despues-vp\/\" \/>\n<meta property=\"og:locale\" content=\"es_ES\" \/>\n<meta property=\"og:type\" content=\"article\" \/>\n<meta property=\"og:title\" content=\"Antes-despuesVP - Thierry Delsart Foto\" \/>\n<meta property=\"og:description\" content=\"Un retrato es m\u00e1s que una simple foto de una cara, es transmitir la personalida y el estado de \u00e1nimo de una persona.\" \/>\n<meta property=\"og:url\" content=\"https:\/\/thierrydelsart.com\/index.php\/antes-despues-vp\/\" \/>\n<meta property=\"og:site_name\" content=\"Thierry Delsart Foto\" \/>\n<meta property=\"article:publisher\" content=\"https:\/\/www.facebook.com\/thierry.delsart.foto\" \/>\n<meta property=\"article:modified_time\" content=\"2026-03-19T10:18:43+00:00\" \/>\n<meta name=\"twitter:card\" content=\"summary_large_image\" \/>\n<meta name=\"twitter:label1\" content=\"Tiempo de lectura\" \/>\n\t<meta name=\"twitter:data1\" content=\"1 minuto\" \/>\n<script type=\"application\/ld+json\" class=\"yoast-schema-graph\">{\"@context\":\"https:\\\/\\\/schema.org\",\"@graph\":[{\"@type\":\"WebPage\",\"@id\":\"https:\\\/\\\/thierrydelsart.com\\\/index.php\\\/antes-despues-vp\\\/\",\"url\":\"https:\\\/\\\/thierrydelsart.com\\\/index.php\\\/antes-despues-vp\\\/\",\"name\":\"Antes-despuesVP - Thierry Delsart Foto\",\"isPartOf\":{\"@id\":\"https:\\\/\\\/thierrydelsart.com\\\/#website\"},\"datePublished\":\"2026-03-19T10:16:42+00:00\",\"dateModified\":\"2026-03-19T10:18:43+00:00\",\"description\":\"Un retrato es m\u00e1s que una simple foto de una cara, es transmitir la personalida y el estado de \u00e1nimo de una persona.\",\"breadcrumb\":{\"@id\":\"https:\\\/\\\/thierrydelsart.com\\\/index.php\\\/antes-despues-vp\\\/#breadcrumb\"},\"inLanguage\":\"es\",\"potentialAction\":[{\"@type\":\"ReadAction\",\"target\":[\"https:\\\/\\\/thierrydelsart.com\\\/index.php\\\/antes-despues-vp\\\/\"]}]},{\"@type\":\"BreadcrumbList\",\"@id\":\"https:\\\/\\\/thierrydelsart.com\\\/index.php\\\/antes-despues-vp\\\/#breadcrumb\",\"itemListElement\":[{\"@type\":\"ListItem\",\"position\":1,\"name\":\"Home\",\"item\":\"https:\\\/\\\/thierrydelsart.com\\\/\"},{\"@type\":\"ListItem\",\"position\":2,\"name\":\"retratos\"}]},{\"@type\":\"WebSite\",\"@id\":\"https:\\\/\\\/thierrydelsart.com\\\/#website\",\"url\":\"https:\\\/\\\/thierrydelsart.com\\\/\",\"name\":\"Thierry Delsart Foto\",\"description\":\"Thierry Delsart Fotograf\u00eda\",\"publisher\":{\"@id\":\"https:\\\/\\\/thierrydelsart.com\\\/#\\\/schema\\\/person\\\/930355864a9b9ea808a6e5acec40f0f5\"},\"potentialAction\":[{\"@type\":\"SearchAction\",\"target\":{\"@type\":\"EntryPoint\",\"urlTemplate\":\"https:\\\/\\\/thierrydelsart.com\\\/?s={search_term_string}\"},\"query-input\":{\"@type\":\"PropertyValueSpecification\",\"valueRequired\":true,\"valueName\":\"search_term_string\"}}],\"inLanguage\":\"es\"},{\"@type\":[\"Person\",\"Organization\"],\"@id\":\"https:\\\/\\\/thierrydelsart.com\\\/#\\\/schema\\\/person\\\/930355864a9b9ea808a6e5acec40f0f5\",\"name\":\"Thierry Delsart\",\"image\":{\"@type\":\"ImageObject\",\"inLanguage\":\"es\",\"@id\":\"https:\\\/\\\/thierrydelsart.com\\\/wp-content\\\/uploads\\\/2021\\\/05\\\/zc-11957Cuadrado.jpg\",\"url\":\"https:\\\/\\\/thierrydelsart.com\\\/wp-content\\\/uploads\\\/2021\\\/05\\\/zc-11957Cuadrado.jpg\",\"contentUrl\":\"https:\\\/\\\/thierrydelsart.com\\\/wp-content\\\/uploads\\\/2021\\\/05\\\/zc-11957Cuadrado.jpg\",\"width\":1200,\"height\":1200,\"caption\":\"Thierry Delsart\"},\"logo\":{\"@id\":\"https:\\\/\\\/thierrydelsart.com\\\/wp-content\\\/uploads\\\/2021\\\/05\\\/zc-11957Cuadrado.jpg\"},\"description\":\"Thierry Delsart es un fot\u00f3grafo que quiere ayudar a sus clientes a mejorar su imagen o la de sus productos para tener m\u00e1s \u00e9xito.\",\"sameAs\":[\"http:\\\/\\\/thierrydelsart.com\",\"https:\\\/\\\/www.facebook.com\\\/thierry.delsart.foto\",\"https:\\\/\\\/www.instagram.com\\\/thierry.delsart.foto\",\"https:\\\/\\\/www.linkedin.com\\\/in\\\/thierrydelsart\\\/\",\"https:\\\/\\\/www.youtube.com\\\/user\\\/ttoomuch\\\/\"]}]}<\/script>\n<!-- \/ Yoast SEO plugin. -->","yoast_head_json":{"title":"Antes-despuesVP - Thierry Delsart Foto","description":"Un retrato es m\u00e1s que una simple foto de una cara, es transmitir la personalida y el estado de \u00e1nimo de una persona.","robots":{"index":"index","follow":"follow","max-snippet":"max-snippet:-1","max-image-preview":"max-image-preview:large","max-video-preview":"max-video-preview:-1"},"canonical":"https:\/\/thierrydelsart.com\/index.php\/antes-despues-vp\/","og_locale":"es_ES","og_type":"article","og_title":"Antes-despuesVP - Thierry Delsart Foto","og_description":"Un retrato es m\u00e1s que una simple foto de una cara, es transmitir la personalida y el estado de \u00e1nimo de una persona.","og_url":"https:\/\/thierrydelsart.com\/index.php\/antes-despues-vp\/","og_site_name":"Thierry Delsart Foto","article_publisher":"https:\/\/www.facebook.com\/thierry.delsart.foto","article_modified_time":"2026-03-19T10:18:43+00:00","twitter_card":"summary_large_image","twitter_misc":{"Tiempo de lectura":"1 minuto"},"schema":{"@context":"https:\/\/schema.org","@graph":[{"@type":"WebPage","@id":"https:\/\/thierrydelsart.com\/index.php\/antes-despues-vp\/","url":"https:\/\/thierrydelsart.com\/index.php\/antes-despues-vp\/","name":"Antes-despuesVP - Thierry Delsart Foto","isPartOf":{"@id":"https:\/\/thierrydelsart.com\/#website"},"datePublished":"2026-03-19T10:16:42+00:00","dateModified":"2026-03-19T10:18:43+00:00","description":"Un retrato es m\u00e1s que una simple foto de una cara, es transmitir la personalida y el estado de \u00e1nimo de una persona.","breadcrumb":{"@id":"https:\/\/thierrydelsart.com\/index.php\/antes-despues-vp\/#breadcrumb"},"inLanguage":"es","potentialAction":[{"@type":"ReadAction","target":["https:\/\/thierrydelsart.com\/index.php\/antes-despues-vp\/"]}]},{"@type":"BreadcrumbList","@id":"https:\/\/thierrydelsart.com\/index.php\/antes-despues-vp\/#breadcrumb","itemListElement":[{"@type":"ListItem","position":1,"name":"Home","item":"https:\/\/thierrydelsart.com\/"},{"@type":"ListItem","position":2,"name":"retratos"}]},{"@type":"WebSite","@id":"https:\/\/thierrydelsart.com\/#website","url":"https:\/\/thierrydelsart.com\/","name":"Thierry Delsart Foto","description":"Thierry Delsart Fotograf\u00eda","publisher":{"@id":"https:\/\/thierrydelsart.com\/#\/schema\/person\/930355864a9b9ea808a6e5acec40f0f5"},"potentialAction":[{"@type":"SearchAction","target":{"@type":"EntryPoint","urlTemplate":"https:\/\/thierrydelsart.com\/?s={search_term_string}"},"query-input":{"@type":"PropertyValueSpecification","valueRequired":true,"valueName":"search_term_string"}}],"inLanguage":"es"},{"@type":["Person","Organization"],"@id":"https:\/\/thierrydelsart.com\/#\/schema\/person\/930355864a9b9ea808a6e5acec40f0f5","name":"Thierry Delsart","image":{"@type":"ImageObject","inLanguage":"es","@id":"https:\/\/thierrydelsart.com\/wp-content\/uploads\/2021\/05\/zc-11957Cuadrado.jpg","url":"https:\/\/thierrydelsart.com\/wp-content\/uploads\/2021\/05\/zc-11957Cuadrado.jpg","contentUrl":"https:\/\/thierrydelsart.com\/wp-content\/uploads\/2021\/05\/zc-11957Cuadrado.jpg","width":1200,"height":1200,"caption":"Thierry Delsart"},"logo":{"@id":"https:\/\/thierrydelsart.com\/wp-content\/uploads\/2021\/05\/zc-11957Cuadrado.jpg"},"description":"Thierry Delsart es un fot\u00f3grafo que quiere ayudar a sus clientes a mejorar su imagen o la de sus productos para tener m\u00e1s \u00e9xito.","sameAs":["http:\/\/thierrydelsart.com","https:\/\/www.facebook.com\/thierry.delsart.foto","https:\/\/www.instagram.com\/thierry.delsart.foto","https:\/\/www.linkedin.com\/in\/thierrydelsart\/","https:\/\/www.youtube.com\/user\/ttoomuch\/"]}]}},"_links":{"self":[{"href":"https:\/\/thierrydelsart.com\/index.php\/wp-json\/wp\/v2\/pages\/4134","targetHints":{"allow":["GET"]}}],"collection":[{"href":"https:\/\/thierrydelsart.com\/index.php\/wp-json\/wp\/v2\/pages"}],"about":[{"href":"https:\/\/thierrydelsart.com\/index.php\/wp-json\/wp\/v2\/types\/page"}],"author":[{"embeddable":true,"href":"https:\/\/thierrydelsart.com\/index.php\/wp-json\/wp\/v2\/users\/1"}],"replies":[{"embeddable":true,"href":"https:\/\/thierrydelsart.com\/index.php\/wp-json\/wp\/v2\/comments?post=4134"}],"version-history":[{"count":7,"href":"https:\/\/thierrydelsart.com\/index.php\/wp-json\/wp\/v2\/pages\/4134\/revisions"}],"predecessor-version":[{"id":4142,"href":"https:\/\/thierrydelsart.com\/index.php\/wp-json\/wp\/v2\/pages\/4134\/revisions\/4142"}],"wp:attachment":[{"href":"https:\/\/thierrydelsart.com\/index.php\/wp-json\/wp\/v2\/media?parent=4134"}],"curies":[{"name":"wp","href":"https:\/\/api.w.org\/{rel}","templated":true}]}}