{"id":511,"date":"2020-03-05T10:07:23","date_gmt":"2020-03-05T10:07:23","guid":{"rendered":"http:\/\/thierrydelsart.com\/?page_id=511"},"modified":"2025-04-20T16:52:25","modified_gmt":"2025-04-20T16:52:25","slug":"contacto","status":"publish","type":"page","link":"https:\/\/thierrydelsart.com\/index.php\/contacto\/","title":{"rendered":"contacto"},"content":{"rendered":"\t\t<div data-elementor-type=\"wp-page\" data-elementor-id=\"511\" class=\"elementor elementor-511\">\n\t\t\t\t\t\t<section class=\"elementor-section elementor-top-section elementor-element elementor-element-01da123 elementor-section-boxed elementor-section-height-default elementor-section-height-default\" data-id=\"01da123\" data-element_type=\"section\" data-e-type=\"section\">\n\t\t\t\t\t\t<div class=\"elementor-container elementor-column-gap-default\">\n\t\t\t\t\t<div class=\"elementor-column elementor-col-33 elementor-top-column elementor-element elementor-element-9b2a398\" data-id=\"9b2a398\" data-element_type=\"column\" data-e-type=\"column\">\n\t\t\t<div class=\"elementor-widget-wrap\">\n\t\t\t\t\t\t\t<\/div>\n\t\t<\/div>\n\t\t\t\t<div class=\"elementor-column elementor-col-33 elementor-top-column elementor-element elementor-element-30b39e2\" data-id=\"30b39e2\" data-element_type=\"column\" data-e-type=\"column\">\n\t\t\t<div class=\"elementor-widget-wrap elementor-element-populated\">\n\t\t\t\t\t\t<div class=\"elementor-element elementor-element-dd8f975 elementor-widget elementor-widget-spacer\" data-id=\"dd8f975\" data-element_type=\"widget\" data-e-type=\"widget\" data-widget_type=\"spacer.default\">\n\t\t\t\t<div class=\"elementor-widget-container\">\n\t\t\t\t\t\t\t<div class=\"elementor-spacer\">\n\t\t\t<div class=\"elementor-spacer-inner\"><\/div>\n\t\t<\/div>\n\t\t\t\t\t\t<\/div>\n\t\t\t\t<\/div>\n\t\t\t\t<div class=\"elementor-element elementor-element-925fe52 elementor-widget elementor-widget-text-editor\" data-id=\"925fe52\" data-element_type=\"widget\" data-e-type=\"widget\" data-widget_type=\"text-editor.default\">\n\t\t\t\t<div class=\"elementor-widget-container\">\n\t\t\t\t\t\t\t\t\t<p>Que busques un fot\u00f3grafo de <a href=\"https:\/\/thierrydelsart.com\/index.php\/exteriores\/\">arquitectura<\/a>, de <a href=\"https:\/\/thierrydelsart.com\/index.php\/interiores\/\">interiores<\/a>, de <a href=\"https:\/\/thierrydelsart.com\/index.php\/comida-bebidas\/\">gastronom\u00eda<\/a>, de <a href=\"https:\/\/thierrydelsart.com\/index.php\/en-la-mesa\/\">experiencias en la mesa<\/a>, de <a href=\"https:\/\/thierrydelsart.com\/index.php\/retratos\/\">retratos<\/a> o de <a href=\"https:\/\/thierrydelsart.com\/index.php\/e-commerce\/\">bodegones<\/a>, est\u00e1s llamando a la puerta correcta, porque quiero ayudarte a conseguir mejorar tu imagen con mis fotograf\u00edas. <\/p>\t\t\t\t\t\t\t\t<\/div>\n\t\t\t\t<\/div>\n\t\t\t\t<div class=\"elementor-element elementor-element-e28143a elementor-widget elementor-widget-image\" data-id=\"e28143a\" data-element_type=\"widget\" data-e-type=\"widget\" data-widget_type=\"image.default\">\n\t\t\t\t<div class=\"elementor-widget-container\">\n\t\t\t\t\t\t\t\t\t\t\t\t\t\t\t<img fetchpriority=\"high\" decoding=\"async\" width=\"605\" height=\"807\" src=\"https:\/\/thierrydelsart.com\/wp-content\/uploads\/2025\/04\/IMG_20211127_180238-1.jpg\" class=\"attachment-large size-large wp-image-3511\" alt=\"\" srcset=\"https:\/\/thierrydelsart.com\/wp-content\/uploads\/2025\/04\/IMG_20211127_180238-1.jpg.webp 750w, https:\/\/thierrydelsart.com\/wp-content\/uploads\/2025\/04\/IMG_20211127_180238-1-225x300.jpg.webp 225w, https:\/\/thierrydelsart.com\/wp-content\/uploads\/2025\/04\/IMG_20211127_180238-1-500x667.jpg.webp 500w, https:\/\/thierrydelsart.com\/wp-content\/uploads\/2025\/04\/IMG_20211127_180238-1-100x133.jpg.webp 100w, https:\/\/thierrydelsart.com\/wp-content\/uploads\/2025\/04\/IMG_20211127_180238-1-150x200.jpg.webp 150w, https:\/\/thierrydelsart.com\/wp-content\/uploads\/2025\/04\/IMG_20211127_180238-1-200x267.jpg.webp 200w, https:\/\/thierrydelsart.com\/wp-content\/uploads\/2025\/04\/IMG_20211127_180238-1-300x400.jpg.webp 300w, https:\/\/thierrydelsart.com\/wp-content\/uploads\/2025\/04\/IMG_20211127_180238-1-450x600.jpg.webp 450w, https:\/\/thierrydelsart.com\/wp-content\/uploads\/2025\/04\/IMG_20211127_180238-1-600x800.jpg.webp 600w\" sizes=\"(max-width: 605px) 100vw, 605px\" \/>\t\t\t\t\t\t\t\t\t\t\t\t\t\t\t<\/div>\n\t\t\t\t<\/div>\n\t\t\t\t<div class=\"elementor-element elementor-element-9f2dcc6 elementor-widget elementor-widget-text-editor\" data-id=\"9f2dcc6\" data-element_type=\"widget\" data-e-type=\"widget\" data-widget_type=\"text-editor.default\">\n\t\t\t\t<div class=\"elementor-widget-container\">\n\t\t\t\t\t\t\t\t\t<p style=\"text-align: right;\">Contacta conmigo y lo hablamos. <br \/>\u00a0photo@thierrydelsart.com\u00a0 616 91 68 81<br \/><span style=\"font-size: xx-small; color: black;\"><br \/>https:\/\/policies.google.com\/privacy &#8211; https:\/\/policies.google.com\/terms<\/span><\/p>\t\t\t\t\t\t\t\t<\/div>\n\t\t\t\t<\/div>\n\t\t\t\t\t<\/div>\n\t\t<\/div>\n\t\t\t\t<div class=\"elementor-column elementor-col-33 elementor-top-column elementor-element elementor-element-cd378b7\" data-id=\"cd378b7\" data-element_type=\"column\" data-e-type=\"column\">\n\t\t\t<div class=\"elementor-widget-wrap\">\n\t\t\t\t\t\t\t<\/div>\n\t\t<\/div>\n\t\t\t\t\t<\/div>\n\t\t<\/section>\n\t\t\t\t<\/div>\n\t\t","protected":false},"excerpt":{"rendered":"<p>Que busques un fot\u00f3grafo de arquitectura, de interiores, de gastronom\u00eda, de experiencias en la mesa, de retratos o de bodegones, est\u00e1s llamando a la puerta correcta, porque quiero ayudarte a conseguir mejorar tu imagen con mis fotograf\u00edas. Contacta conmigo y &hellip;<\/p>\n<p class=\"read-more\"> <a class=\"more-link\" href=\"https:\/\/thierrydelsart.com\/index.php\/contacto\/\"> <span class=\"screen-reader-text\">contacto<\/span> Leer m\u00e1s \u00bb<\/a><\/p>\n","protected":false},"author":1,"featured_media":0,"parent":0,"menu_order":0,"comment_status":"closed","ping_status":"closed","template":"elementor_header_footer","meta":{"inline_featured_image":false,"_vp_format_video_url":"","_vp_image_focal_point":[],"footnotes":""},"class_list":["post-511","page","type-page","status-publish","hentry"],"yoast_head":"<!-- This site is optimized with the Yoast SEO plugin v27.3 - https:\/\/yoast.com\/product\/yoast-seo-wordpress\/ -->\n<title>contacto fot\u00f3grafo profesional - Thierry Delsart Foto<\/title>\n<meta name=\"description\" content=\"Quiero ayudarte a mejorar tu imagen con mis fotograf\u00edas. Fot\u00f3grafo de arquitectura e interiores, gastronom\u00eda, retratos o bodegones. Contacta conmigo.\" \/>\n<meta name=\"robots\" content=\"index, follow, max-snippet:-1, max-image-preview:large, max-video-preview:-1\" \/>\n<link rel=\"canonical\" href=\"https:\/\/thierrydelsart.com\/index.php\/contacto\/\" \/>\n<meta property=\"og:locale\" content=\"es_ES\" \/>\n<meta property=\"og:type\" content=\"article\" \/>\n<meta property=\"og:title\" content=\"contacto fot\u00f3grafo profesional - Thierry Delsart Foto\" \/>\n<meta property=\"og:description\" content=\"Quiero ayudarte a mejorar tu imagen con mis fotograf\u00edas. Fot\u00f3grafo de arquitectura e interiores, gastronom\u00eda, retratos o bodegones. Contacta conmigo.\" \/>\n<meta property=\"og:url\" content=\"https:\/\/thierrydelsart.com\/index.php\/contacto\/\" \/>\n<meta property=\"og:site_name\" content=\"Thierry Delsart Foto\" \/>\n<meta property=\"article:publisher\" content=\"https:\/\/www.facebook.com\/thierry.delsart.foto\" \/>\n<meta property=\"article:modified_time\" content=\"2025-04-20T16:52:25+00:00\" \/>\n<meta property=\"og:image\" content=\"https:\/\/thierrydelsart.com\/wp-content\/uploads\/2025\/04\/IMG_20211127_180238-1.jpg\" \/>\n\t<meta property=\"og:image:width\" content=\"750\" \/>\n\t<meta property=\"og:image:height\" content=\"1000\" \/>\n\t<meta property=\"og:image:type\" content=\"image\/jpeg\" \/>\n<meta name=\"twitter:card\" content=\"summary_large_image\" \/>\n<meta name=\"twitter:label1\" content=\"Tiempo de lectura\" \/>\n\t<meta name=\"twitter:data1\" content=\"1 minuto\" \/>\n<script type=\"application\/ld+json\" class=\"yoast-schema-graph\">{\"@context\":\"https:\\\/\\\/schema.org\",\"@graph\":[{\"@type\":[\"WebPage\",\"ContactPage\"],\"@id\":\"https:\\\/\\\/thierrydelsart.com\\\/index.php\\\/contacto\\\/\",\"url\":\"https:\\\/\\\/thierrydelsart.com\\\/index.php\\\/contacto\\\/\",\"name\":\"contacto fot\u00f3grafo profesional - Thierry Delsart Foto\",\"isPartOf\":{\"@id\":\"https:\\\/\\\/thierrydelsart.com\\\/#website\"},\"primaryImageOfPage\":{\"@id\":\"https:\\\/\\\/thierrydelsart.com\\\/index.php\\\/contacto\\\/#primaryimage\"},\"image\":{\"@id\":\"https:\\\/\\\/thierrydelsart.com\\\/index.php\\\/contacto\\\/#primaryimage\"},\"thumbnailUrl\":\"https:\\\/\\\/thierrydelsart.com\\\/wp-content\\\/uploads\\\/2025\\\/04\\\/IMG_20211127_180238-1.jpg\",\"datePublished\":\"2020-03-05T10:07:23+00:00\",\"dateModified\":\"2025-04-20T16:52:25+00:00\",\"description\":\"Quiero ayudarte a mejorar tu imagen con mis fotograf\u00edas. Fot\u00f3grafo de arquitectura e interiores, gastronom\u00eda, retratos o bodegones. Contacta conmigo.\",\"breadcrumb\":{\"@id\":\"https:\\\/\\\/thierrydelsart.com\\\/index.php\\\/contacto\\\/#breadcrumb\"},\"inLanguage\":\"es\",\"potentialAction\":[{\"@type\":\"ReadAction\",\"target\":[\"https:\\\/\\\/thierrydelsart.com\\\/index.php\\\/contacto\\\/\"]}]},{\"@type\":\"ImageObject\",\"inLanguage\":\"es\",\"@id\":\"https:\\\/\\\/thierrydelsart.com\\\/index.php\\\/contacto\\\/#primaryimage\",\"url\":\"https:\\\/\\\/thierrydelsart.com\\\/wp-content\\\/uploads\\\/2025\\\/04\\\/IMG_20211127_180238-1.jpg\",\"contentUrl\":\"https:\\\/\\\/thierrydelsart.com\\\/wp-content\\\/uploads\\\/2025\\\/04\\\/IMG_20211127_180238-1.jpg\",\"width\":750,\"height\":1000,\"caption\":\"mde\"},{\"@type\":\"BreadcrumbList\",\"@id\":\"https:\\\/\\\/thierrydelsart.com\\\/index.php\\\/contacto\\\/#breadcrumb\",\"itemListElement\":[{\"@type\":\"ListItem\",\"position\":1,\"name\":\"Home\",\"item\":\"https:\\\/\\\/thierrydelsart.com\\\/\"},{\"@type\":\"ListItem\",\"position\":2,\"name\":\"contacto\"}]},{\"@type\":\"WebSite\",\"@id\":\"https:\\\/\\\/thierrydelsart.com\\\/#website\",\"url\":\"https:\\\/\\\/thierrydelsart.com\\\/\",\"name\":\"Thierry Delsart Foto\",\"description\":\"Thierry Delsart Fotograf\u00eda\",\"publisher\":{\"@id\":\"https:\\\/\\\/thierrydelsart.com\\\/#\\\/schema\\\/person\\\/930355864a9b9ea808a6e5acec40f0f5\"},\"potentialAction\":[{\"@type\":\"SearchAction\",\"target\":{\"@type\":\"EntryPoint\",\"urlTemplate\":\"https:\\\/\\\/thierrydelsart.com\\\/?s={search_term_string}\"},\"query-input\":{\"@type\":\"PropertyValueSpecification\",\"valueRequired\":true,\"valueName\":\"search_term_string\"}}],\"inLanguage\":\"es\"},{\"@type\":[\"Person\",\"Organization\"],\"@id\":\"https:\\\/\\\/thierrydelsart.com\\\/#\\\/schema\\\/person\\\/930355864a9b9ea808a6e5acec40f0f5\",\"name\":\"Thierry Delsart\",\"image\":{\"@type\":\"ImageObject\",\"inLanguage\":\"es\",\"@id\":\"https:\\\/\\\/thierrydelsart.com\\\/wp-content\\\/uploads\\\/2021\\\/05\\\/zc-11957Cuadrado.jpg\",\"url\":\"https:\\\/\\\/thierrydelsart.com\\\/wp-content\\\/uploads\\\/2021\\\/05\\\/zc-11957Cuadrado.jpg\",\"contentUrl\":\"https:\\\/\\\/thierrydelsart.com\\\/wp-content\\\/uploads\\\/2021\\\/05\\\/zc-11957Cuadrado.jpg\",\"width\":1200,\"height\":1200,\"caption\":\"Thierry Delsart\"},\"logo\":{\"@id\":\"https:\\\/\\\/thierrydelsart.com\\\/wp-content\\\/uploads\\\/2021\\\/05\\\/zc-11957Cuadrado.jpg\"},\"description\":\"Thierry Delsart es un fot\u00f3grafo que quiere ayudar a sus clientes a mejorar su imagen o la de sus productos para tener m\u00e1s \u00e9xito.\",\"sameAs\":[\"http:\\\/\\\/thierrydelsart.com\",\"https:\\\/\\\/www.facebook.com\\\/thierry.delsart.foto\",\"https:\\\/\\\/www.instagram.com\\\/thierry.delsart.foto\",\"https:\\\/\\\/www.linkedin.com\\\/in\\\/thierrydelsart\\\/\",\"https:\\\/\\\/www.youtube.com\\\/user\\\/ttoomuch\\\/\"]}]}<\/script>\n<!-- \/ Yoast SEO plugin. -->","yoast_head_json":{"title":"contacto fot\u00f3grafo profesional - Thierry Delsart Foto","description":"Quiero ayudarte a mejorar tu imagen con mis fotograf\u00edas. Fot\u00f3grafo de arquitectura e interiores, gastronom\u00eda, retratos o bodegones. Contacta conmigo.","robots":{"index":"index","follow":"follow","max-snippet":"max-snippet:-1","max-image-preview":"max-image-preview:large","max-video-preview":"max-video-preview:-1"},"canonical":"https:\/\/thierrydelsart.com\/index.php\/contacto\/","og_locale":"es_ES","og_type":"article","og_title":"contacto fot\u00f3grafo profesional - Thierry Delsart Foto","og_description":"Quiero ayudarte a mejorar tu imagen con mis fotograf\u00edas. Fot\u00f3grafo de arquitectura e interiores, gastronom\u00eda, retratos o bodegones. Contacta conmigo.","og_url":"https:\/\/thierrydelsart.com\/index.php\/contacto\/","og_site_name":"Thierry Delsart Foto","article_publisher":"https:\/\/www.facebook.com\/thierry.delsart.foto","article_modified_time":"2025-04-20T16:52:25+00:00","og_image":[{"width":750,"height":1000,"url":"https:\/\/thierrydelsart.com\/wp-content\/uploads\/2025\/04\/IMG_20211127_180238-1.jpg","type":"image\/jpeg"}],"twitter_card":"summary_large_image","twitter_misc":{"Tiempo de lectura":"1 minuto"},"schema":{"@context":"https:\/\/schema.org","@graph":[{"@type":["WebPage","ContactPage"],"@id":"https:\/\/thierrydelsart.com\/index.php\/contacto\/","url":"https:\/\/thierrydelsart.com\/index.php\/contacto\/","name":"contacto fot\u00f3grafo profesional - Thierry Delsart Foto","isPartOf":{"@id":"https:\/\/thierrydelsart.com\/#website"},"primaryImageOfPage":{"@id":"https:\/\/thierrydelsart.com\/index.php\/contacto\/#primaryimage"},"image":{"@id":"https:\/\/thierrydelsart.com\/index.php\/contacto\/#primaryimage"},"thumbnailUrl":"https:\/\/thierrydelsart.com\/wp-content\/uploads\/2025\/04\/IMG_20211127_180238-1.jpg","datePublished":"2020-03-05T10:07:23+00:00","dateModified":"2025-04-20T16:52:25+00:00","description":"Quiero ayudarte a mejorar tu imagen con mis fotograf\u00edas. Fot\u00f3grafo de arquitectura e interiores, gastronom\u00eda, retratos o bodegones. Contacta conmigo.","breadcrumb":{"@id":"https:\/\/thierrydelsart.com\/index.php\/contacto\/#breadcrumb"},"inLanguage":"es","potentialAction":[{"@type":"ReadAction","target":["https:\/\/thierrydelsart.com\/index.php\/contacto\/"]}]},{"@type":"ImageObject","inLanguage":"es","@id":"https:\/\/thierrydelsart.com\/index.php\/contacto\/#primaryimage","url":"https:\/\/thierrydelsart.com\/wp-content\/uploads\/2025\/04\/IMG_20211127_180238-1.jpg","contentUrl":"https:\/\/thierrydelsart.com\/wp-content\/uploads\/2025\/04\/IMG_20211127_180238-1.jpg","width":750,"height":1000,"caption":"mde"},{"@type":"BreadcrumbList","@id":"https:\/\/thierrydelsart.com\/index.php\/contacto\/#breadcrumb","itemListElement":[{"@type":"ListItem","position":1,"name":"Home","item":"https:\/\/thierrydelsart.com\/"},{"@type":"ListItem","position":2,"name":"contacto"}]},{"@type":"WebSite","@id":"https:\/\/thierrydelsart.com\/#website","url":"https:\/\/thierrydelsart.com\/","name":"Thierry Delsart Foto","description":"Thierry Delsart Fotograf\u00eda","publisher":{"@id":"https:\/\/thierrydelsart.com\/#\/schema\/person\/930355864a9b9ea808a6e5acec40f0f5"},"potentialAction":[{"@type":"SearchAction","target":{"@type":"EntryPoint","urlTemplate":"https:\/\/thierrydelsart.com\/?s={search_term_string}"},"query-input":{"@type":"PropertyValueSpecification","valueRequired":true,"valueName":"search_term_string"}}],"inLanguage":"es"},{"@type":["Person","Organization"],"@id":"https:\/\/thierrydelsart.com\/#\/schema\/person\/930355864a9b9ea808a6e5acec40f0f5","name":"Thierry Delsart","image":{"@type":"ImageObject","inLanguage":"es","@id":"https:\/\/thierrydelsart.com\/wp-content\/uploads\/2021\/05\/zc-11957Cuadrado.jpg","url":"https:\/\/thierrydelsart.com\/wp-content\/uploads\/2021\/05\/zc-11957Cuadrado.jpg","contentUrl":"https:\/\/thierrydelsart.com\/wp-content\/uploads\/2021\/05\/zc-11957Cuadrado.jpg","width":1200,"height":1200,"caption":"Thierry Delsart"},"logo":{"@id":"https:\/\/thierrydelsart.com\/wp-content\/uploads\/2021\/05\/zc-11957Cuadrado.jpg"},"description":"Thierry Delsart es un fot\u00f3grafo que quiere ayudar a sus clientes a mejorar su imagen o la de sus productos para tener m\u00e1s \u00e9xito.","sameAs":["http:\/\/thierrydelsart.com","https:\/\/www.facebook.com\/thierry.delsart.foto","https:\/\/www.instagram.com\/thierry.delsart.foto","https:\/\/www.linkedin.com\/in\/thierrydelsart\/","https:\/\/www.youtube.com\/user\/ttoomuch\/"]}]}},"_links":{"self":[{"href":"https:\/\/thierrydelsart.com\/index.php\/wp-json\/wp\/v2\/pages\/511","targetHints":{"allow":["GET"]}}],"collection":[{"href":"https:\/\/thierrydelsart.com\/index.php\/wp-json\/wp\/v2\/pages"}],"about":[{"href":"https:\/\/thierrydelsart.com\/index.php\/wp-json\/wp\/v2\/types\/page"}],"author":[{"embeddable":true,"href":"https:\/\/thierrydelsart.com\/index.php\/wp-json\/wp\/v2\/users\/1"}],"replies":[{"embeddable":true,"href":"https:\/\/thierrydelsart.com\/index.php\/wp-json\/wp\/v2\/comments?post=511"}],"version-history":[{"count":0,"href":"https:\/\/thierrydelsart.com\/index.php\/wp-json\/wp\/v2\/pages\/511\/revisions"}],"wp:attachment":[{"href":"https:\/\/thierrydelsart.com\/index.php\/wp-json\/wp\/v2\/media?parent=511"}],"curies":[{"name":"wp","href":"https:\/\/api.w.org\/{rel}","templated":true}]}}