{"id":794,"date":"2020-03-05T19:27:19","date_gmt":"2020-03-05T19:27:19","guid":{"rendered":"http:\/\/thierrydelsart.com\/?page_id=794"},"modified":"2025-04-20T16:51:23","modified_gmt":"2025-04-20T16:51:23","slug":"contact","status":"publish","type":"page","link":"https:\/\/thierrydelsart.com\/index.php\/en\/contact\/","title":{"rendered":"contact"},"content":{"rendered":"\t\t<div data-elementor-type=\"wp-page\" data-elementor-id=\"794\" class=\"elementor elementor-794\">\n\t\t\t\t\t\t<section class=\"elementor-section elementor-top-section elementor-element elementor-element-01da123 elementor-section-boxed elementor-section-height-default elementor-section-height-default\" data-id=\"01da123\" data-element_type=\"section\" data-e-type=\"section\">\n\t\t\t\t\t\t<div class=\"elementor-container elementor-column-gap-default\">\n\t\t\t\t\t<div class=\"elementor-column elementor-col-33 elementor-top-column elementor-element elementor-element-f80934d\" data-id=\"f80934d\" data-element_type=\"column\" data-e-type=\"column\">\n\t\t\t<div class=\"elementor-widget-wrap\">\n\t\t\t\t\t\t\t<\/div>\n\t\t<\/div>\n\t\t\t\t<div class=\"elementor-column elementor-col-33 elementor-top-column elementor-element elementor-element-30b39e2\" data-id=\"30b39e2\" data-element_type=\"column\" data-e-type=\"column\">\n\t\t\t<div class=\"elementor-widget-wrap elementor-element-populated\">\n\t\t\t\t\t\t<div class=\"elementor-element elementor-element-dd8f975 elementor-widget elementor-widget-spacer\" data-id=\"dd8f975\" data-element_type=\"widget\" data-e-type=\"widget\" data-widget_type=\"spacer.default\">\n\t\t\t\t<div class=\"elementor-widget-container\">\n\t\t\t\t\t\t\t<div class=\"elementor-spacer\">\n\t\t\t<div class=\"elementor-spacer-inner\"><\/div>\n\t\t<\/div>\n\t\t\t\t\t\t<\/div>\n\t\t\t\t<\/div>\n\t\t\t\t<div class=\"elementor-element elementor-element-87484ff elementor-widget elementor-widget-text-editor\" data-id=\"87484ff\" data-element_type=\"widget\" data-e-type=\"widget\" data-widget_type=\"text-editor.default\">\n\t\t\t\t<div class=\"elementor-widget-container\">\n\t\t\t\t\t\t\t\t\t<p>If you&#8217;re looking for an <a href=\"https:\/\/thierrydelsart.com\/index.php\/en\/exteriors\/\">architecture photographer<\/a>, an <a href=\"https:\/\/thierrydelsart.com\/index.php\/en\/interiors\/\">interior photographer<\/a>, a <a href=\"https:\/\/thierrydelsart.com\/index.php\/en\/fooddrinks\/\">food &amp; drink photographer<\/a>, a <a href=\"https:\/\/thierrydelsart.com\/index.php\/en\/people\/\">portrait photographer<\/a> or a <a href=\"https:\/\/thierrydelsart.com\/index.php\/en\/ecom\/\">still life photographer<\/a> you&#8217;re at the right place. Because I&#8217;m wanting to help you to achieve to enhance your brand image thanks to my photography.<\/p>\t\t\t\t\t\t\t\t<\/div>\n\t\t\t\t<\/div>\n\t\t\t\t<div class=\"elementor-element elementor-element-c2c34ef elementor-widget elementor-widget-image\" data-id=\"c2c34ef\" data-element_type=\"widget\" data-e-type=\"widget\" data-widget_type=\"image.default\">\n\t\t\t\t<div class=\"elementor-widget-container\">\n\t\t\t\t\t\t\t\t\t\t\t\t\t\t\t<img fetchpriority=\"high\" decoding=\"async\" width=\"605\" height=\"807\" src=\"https:\/\/thierrydelsart.com\/wp-content\/uploads\/2025\/04\/IMG_20211127_180238-1.jpg\" class=\"attachment-large size-large wp-image-3511\" alt=\"\" srcset=\"https:\/\/thierrydelsart.com\/wp-content\/uploads\/2025\/04\/IMG_20211127_180238-1.jpg 750w, https:\/\/thierrydelsart.com\/wp-content\/uploads\/2025\/04\/IMG_20211127_180238-1-225x300.jpg 225w, https:\/\/thierrydelsart.com\/wp-content\/uploads\/2025\/04\/IMG_20211127_180238-1-500x667.jpg 500w, https:\/\/thierrydelsart.com\/wp-content\/uploads\/2025\/04\/IMG_20211127_180238-1-100x133.jpg 100w, https:\/\/thierrydelsart.com\/wp-content\/uploads\/2025\/04\/IMG_20211127_180238-1-150x200.jpg 150w, https:\/\/thierrydelsart.com\/wp-content\/uploads\/2025\/04\/IMG_20211127_180238-1-200x267.jpg 200w, https:\/\/thierrydelsart.com\/wp-content\/uploads\/2025\/04\/IMG_20211127_180238-1-300x400.jpg 300w, https:\/\/thierrydelsart.com\/wp-content\/uploads\/2025\/04\/IMG_20211127_180238-1-450x600.jpg 450w, https:\/\/thierrydelsart.com\/wp-content\/uploads\/2025\/04\/IMG_20211127_180238-1-600x800.jpg 600w\" sizes=\"(max-width: 605px) 100vw, 605px\" \/>\t\t\t\t\t\t\t\t\t\t\t\t\t\t\t<\/div>\n\t\t\t\t<\/div>\n\t\t\t\t<div class=\"elementor-element elementor-element-9f2dcc6 elementor-widget elementor-widget-text-editor\" data-id=\"9f2dcc6\" data-element_type=\"widget\" data-e-type=\"widget\" data-widget_type=\"text-editor.default\">\n\t\t\t\t<div class=\"elementor-widget-container\">\n\t\t\t\t\t\t\t\t\t<p style=\"text-align: right;\">Contact me and let&#8217;s talk:<br \/>Thierry <strong><a>photo@thierrydelsart.com<\/a>\u00a0 <br \/>+34 616 91 68 81<br \/><br \/><span style=\"font-size: xx-small; color: black;\"><br \/>https:\/\/policies.google.com\/privacy &#8211; https:\/\/policies.google.com\/terms<\/span><\/strong><\/p>\t\t\t\t\t\t\t\t<\/div>\n\t\t\t\t<\/div>\n\t\t\t\t\t<\/div>\n\t\t<\/div>\n\t\t\t\t<div class=\"elementor-column elementor-col-33 elementor-top-column elementor-element elementor-element-3e1ac89\" data-id=\"3e1ac89\" data-element_type=\"column\" data-e-type=\"column\">\n\t\t\t<div class=\"elementor-widget-wrap\">\n\t\t\t\t\t\t\t<\/div>\n\t\t<\/div>\n\t\t\t\t\t<\/div>\n\t\t<\/section>\n\t\t\t\t<\/div>\n\t\t","protected":false},"excerpt":{"rendered":"<p>If you&#8217;re looking for an architecture photographer, an interior photographer, a food &amp; drink photographer, a portrait photographer or a still life photographer you&#8217;re at the right place. Because I&#8217;m wanting to help you to achieve to enhance your brand &hellip;<\/p>\n<p class=\"read-more\"> <a class=\"more-link\" href=\"https:\/\/thierrydelsart.com\/index.php\/en\/contact\/\"> <span class=\"screen-reader-text\">contact<\/span> Leer m\u00e1s \u00bb<\/a><\/p>\n","protected":false},"author":1,"featured_media":0,"parent":0,"menu_order":0,"comment_status":"closed","ping_status":"closed","template":"elementor_header_footer","meta":{"inline_featured_image":false,"_vp_format_video_url":"","_vp_image_focal_point":[],"footnotes":""},"class_list":["post-794","page","type-page","status-publish","hentry"],"yoast_head":"<!-- This site is optimized with the Yoast SEO plugin v27.3 - https:\/\/yoast.com\/product\/yoast-seo-wordpress\/ -->\n<title>contact - Thierry Delsart Foto<\/title>\n<meta name=\"robots\" content=\"index, follow, max-snippet:-1, max-image-preview:large, max-video-preview:-1\" \/>\n<link rel=\"canonical\" href=\"https:\/\/thierrydelsart.com\/index.php\/en\/contact\/\" \/>\n<meta property=\"og:locale\" content=\"es_ES\" \/>\n<meta property=\"og:type\" content=\"article\" \/>\n<meta property=\"og:title\" content=\"contact - Thierry Delsart Foto\" \/>\n<meta property=\"og:description\" content=\"If you&#8217;re looking for an architecture photographer, an interior photographer, a food &amp; drink photographer, a portrait photographer or a still life photographer you&#8217;re at the right place. Because I&#8217;m wanting to help you to achieve to enhance your brand &hellip; contact Leer m\u00e1s \u00bb\" \/>\n<meta property=\"og:url\" content=\"https:\/\/thierrydelsart.com\/index.php\/en\/contact\/\" \/>\n<meta property=\"og:site_name\" content=\"Thierry Delsart Foto\" \/>\n<meta property=\"article:publisher\" content=\"https:\/\/www.facebook.com\/thierry.delsart.foto\" \/>\n<meta property=\"article:modified_time\" content=\"2025-04-20T16:51:23+00:00\" \/>\n<meta property=\"og:image\" content=\"https:\/\/thierrydelsart.com\/wp-content\/uploads\/2025\/04\/IMG_20211127_180238-1.jpg\" \/>\n\t<meta property=\"og:image:width\" content=\"750\" \/>\n\t<meta property=\"og:image:height\" content=\"1000\" \/>\n\t<meta property=\"og:image:type\" content=\"image\/jpeg\" \/>\n<meta name=\"twitter:card\" content=\"summary_large_image\" \/>\n<meta name=\"twitter:label1\" content=\"Tiempo de lectura\" \/>\n\t<meta name=\"twitter:data1\" content=\"1 minuto\" \/>\n<script type=\"application\/ld+json\" class=\"yoast-schema-graph\">{\"@context\":\"https:\\\/\\\/schema.org\",\"@graph\":[{\"@type\":[\"WebPage\",\"ContactPage\"],\"@id\":\"https:\\\/\\\/thierrydelsart.com\\\/index.php\\\/en\\\/contact\\\/\",\"url\":\"https:\\\/\\\/thierrydelsart.com\\\/index.php\\\/en\\\/contact\\\/\",\"name\":\"contact - Thierry Delsart Foto\",\"isPartOf\":{\"@id\":\"https:\\\/\\\/thierrydelsart.com\\\/#website\"},\"primaryImageOfPage\":{\"@id\":\"https:\\\/\\\/thierrydelsart.com\\\/index.php\\\/en\\\/contact\\\/#primaryimage\"},\"image\":{\"@id\":\"https:\\\/\\\/thierrydelsart.com\\\/index.php\\\/en\\\/contact\\\/#primaryimage\"},\"thumbnailUrl\":\"https:\\\/\\\/thierrydelsart.com\\\/wp-content\\\/uploads\\\/2025\\\/04\\\/IMG_20211127_180238-1.jpg\",\"datePublished\":\"2020-03-05T19:27:19+00:00\",\"dateModified\":\"2025-04-20T16:51:23+00:00\",\"breadcrumb\":{\"@id\":\"https:\\\/\\\/thierrydelsart.com\\\/index.php\\\/en\\\/contact\\\/#breadcrumb\"},\"inLanguage\":\"es\",\"potentialAction\":[{\"@type\":\"ReadAction\",\"target\":[\"https:\\\/\\\/thierrydelsart.com\\\/index.php\\\/en\\\/contact\\\/\"]}]},{\"@type\":\"ImageObject\",\"inLanguage\":\"es\",\"@id\":\"https:\\\/\\\/thierrydelsart.com\\\/index.php\\\/en\\\/contact\\\/#primaryimage\",\"url\":\"https:\\\/\\\/thierrydelsart.com\\\/wp-content\\\/uploads\\\/2025\\\/04\\\/IMG_20211127_180238-1.jpg\",\"contentUrl\":\"https:\\\/\\\/thierrydelsart.com\\\/wp-content\\\/uploads\\\/2025\\\/04\\\/IMG_20211127_180238-1.jpg\",\"width\":750,\"height\":1000,\"caption\":\"mde\"},{\"@type\":\"BreadcrumbList\",\"@id\":\"https:\\\/\\\/thierrydelsart.com\\\/index.php\\\/en\\\/contact\\\/#breadcrumb\",\"itemListElement\":[{\"@type\":\"ListItem\",\"position\":1,\"name\":\"Home\",\"item\":\"https:\\\/\\\/thierrydelsart.com\\\/\"},{\"@type\":\"ListItem\",\"position\":2,\"name\":\"contact\"}]},{\"@type\":\"WebSite\",\"@id\":\"https:\\\/\\\/thierrydelsart.com\\\/#website\",\"url\":\"https:\\\/\\\/thierrydelsart.com\\\/\",\"name\":\"Thierry Delsart Foto\",\"description\":\"Thierry Delsart Fotograf\u00eda\",\"publisher\":{\"@id\":\"https:\\\/\\\/thierrydelsart.com\\\/#\\\/schema\\\/person\\\/930355864a9b9ea808a6e5acec40f0f5\"},\"potentialAction\":[{\"@type\":\"SearchAction\",\"target\":{\"@type\":\"EntryPoint\",\"urlTemplate\":\"https:\\\/\\\/thierrydelsart.com\\\/?s={search_term_string}\"},\"query-input\":{\"@type\":\"PropertyValueSpecification\",\"valueRequired\":true,\"valueName\":\"search_term_string\"}}],\"inLanguage\":\"es\"},{\"@type\":[\"Person\",\"Organization\"],\"@id\":\"https:\\\/\\\/thierrydelsart.com\\\/#\\\/schema\\\/person\\\/930355864a9b9ea808a6e5acec40f0f5\",\"name\":\"Thierry Delsart\",\"image\":{\"@type\":\"ImageObject\",\"inLanguage\":\"es\",\"@id\":\"https:\\\/\\\/thierrydelsart.com\\\/wp-content\\\/uploads\\\/2021\\\/05\\\/zc-11957Cuadrado.jpg\",\"url\":\"https:\\\/\\\/thierrydelsart.com\\\/wp-content\\\/uploads\\\/2021\\\/05\\\/zc-11957Cuadrado.jpg\",\"contentUrl\":\"https:\\\/\\\/thierrydelsart.com\\\/wp-content\\\/uploads\\\/2021\\\/05\\\/zc-11957Cuadrado.jpg\",\"width\":1200,\"height\":1200,\"caption\":\"Thierry Delsart\"},\"logo\":{\"@id\":\"https:\\\/\\\/thierrydelsart.com\\\/wp-content\\\/uploads\\\/2021\\\/05\\\/zc-11957Cuadrado.jpg\"},\"description\":\"Thierry Delsart es un fot\u00f3grafo que quiere ayudar a sus clientes a mejorar su imagen o la de sus productos para tener m\u00e1s \u00e9xito.\",\"sameAs\":[\"http:\\\/\\\/thierrydelsart.com\",\"https:\\\/\\\/www.facebook.com\\\/thierry.delsart.foto\",\"https:\\\/\\\/www.instagram.com\\\/thierry.delsart.foto\",\"https:\\\/\\\/www.linkedin.com\\\/in\\\/thierrydelsart\\\/\",\"https:\\\/\\\/www.youtube.com\\\/user\\\/ttoomuch\\\/\"]}]}<\/script>\n<!-- \/ Yoast SEO plugin. -->","yoast_head_json":{"title":"contact - Thierry Delsart Foto","robots":{"index":"index","follow":"follow","max-snippet":"max-snippet:-1","max-image-preview":"max-image-preview:large","max-video-preview":"max-video-preview:-1"},"canonical":"https:\/\/thierrydelsart.com\/index.php\/en\/contact\/","og_locale":"es_ES","og_type":"article","og_title":"contact - Thierry Delsart Foto","og_description":"If you&#8217;re looking for an architecture photographer, an interior photographer, a food &amp; drink photographer, a portrait photographer or a still life photographer you&#8217;re at the right place. Because I&#8217;m wanting to help you to achieve to enhance your brand &hellip; contact Leer m\u00e1s \u00bb","og_url":"https:\/\/thierrydelsart.com\/index.php\/en\/contact\/","og_site_name":"Thierry Delsart Foto","article_publisher":"https:\/\/www.facebook.com\/thierry.delsart.foto","article_modified_time":"2025-04-20T16:51:23+00:00","og_image":[{"width":750,"height":1000,"url":"https:\/\/thierrydelsart.com\/wp-content\/uploads\/2025\/04\/IMG_20211127_180238-1.jpg","type":"image\/jpeg"}],"twitter_card":"summary_large_image","twitter_misc":{"Tiempo de lectura":"1 minuto"},"schema":{"@context":"https:\/\/schema.org","@graph":[{"@type":["WebPage","ContactPage"],"@id":"https:\/\/thierrydelsart.com\/index.php\/en\/contact\/","url":"https:\/\/thierrydelsart.com\/index.php\/en\/contact\/","name":"contact - Thierry Delsart Foto","isPartOf":{"@id":"https:\/\/thierrydelsart.com\/#website"},"primaryImageOfPage":{"@id":"https:\/\/thierrydelsart.com\/index.php\/en\/contact\/#primaryimage"},"image":{"@id":"https:\/\/thierrydelsart.com\/index.php\/en\/contact\/#primaryimage"},"thumbnailUrl":"https:\/\/thierrydelsart.com\/wp-content\/uploads\/2025\/04\/IMG_20211127_180238-1.jpg","datePublished":"2020-03-05T19:27:19+00:00","dateModified":"2025-04-20T16:51:23+00:00","breadcrumb":{"@id":"https:\/\/thierrydelsart.com\/index.php\/en\/contact\/#breadcrumb"},"inLanguage":"es","potentialAction":[{"@type":"ReadAction","target":["https:\/\/thierrydelsart.com\/index.php\/en\/contact\/"]}]},{"@type":"ImageObject","inLanguage":"es","@id":"https:\/\/thierrydelsart.com\/index.php\/en\/contact\/#primaryimage","url":"https:\/\/thierrydelsart.com\/wp-content\/uploads\/2025\/04\/IMG_20211127_180238-1.jpg","contentUrl":"https:\/\/thierrydelsart.com\/wp-content\/uploads\/2025\/04\/IMG_20211127_180238-1.jpg","width":750,"height":1000,"caption":"mde"},{"@type":"BreadcrumbList","@id":"https:\/\/thierrydelsart.com\/index.php\/en\/contact\/#breadcrumb","itemListElement":[{"@type":"ListItem","position":1,"name":"Home","item":"https:\/\/thierrydelsart.com\/"},{"@type":"ListItem","position":2,"name":"contact"}]},{"@type":"WebSite","@id":"https:\/\/thierrydelsart.com\/#website","url":"https:\/\/thierrydelsart.com\/","name":"Thierry Delsart Foto","description":"Thierry Delsart Fotograf\u00eda","publisher":{"@id":"https:\/\/thierrydelsart.com\/#\/schema\/person\/930355864a9b9ea808a6e5acec40f0f5"},"potentialAction":[{"@type":"SearchAction","target":{"@type":"EntryPoint","urlTemplate":"https:\/\/thierrydelsart.com\/?s={search_term_string}"},"query-input":{"@type":"PropertyValueSpecification","valueRequired":true,"valueName":"search_term_string"}}],"inLanguage":"es"},{"@type":["Person","Organization"],"@id":"https:\/\/thierrydelsart.com\/#\/schema\/person\/930355864a9b9ea808a6e5acec40f0f5","name":"Thierry Delsart","image":{"@type":"ImageObject","inLanguage":"es","@id":"https:\/\/thierrydelsart.com\/wp-content\/uploads\/2021\/05\/zc-11957Cuadrado.jpg","url":"https:\/\/thierrydelsart.com\/wp-content\/uploads\/2021\/05\/zc-11957Cuadrado.jpg","contentUrl":"https:\/\/thierrydelsart.com\/wp-content\/uploads\/2021\/05\/zc-11957Cuadrado.jpg","width":1200,"height":1200,"caption":"Thierry Delsart"},"logo":{"@id":"https:\/\/thierrydelsart.com\/wp-content\/uploads\/2021\/05\/zc-11957Cuadrado.jpg"},"description":"Thierry Delsart es un fot\u00f3grafo que quiere ayudar a sus clientes a mejorar su imagen o la de sus productos para tener m\u00e1s \u00e9xito.","sameAs":["http:\/\/thierrydelsart.com","https:\/\/www.facebook.com\/thierry.delsart.foto","https:\/\/www.instagram.com\/thierry.delsart.foto","https:\/\/www.linkedin.com\/in\/thierrydelsart\/","https:\/\/www.youtube.com\/user\/ttoomuch\/"]}]}},"_links":{"self":[{"href":"https:\/\/thierrydelsart.com\/index.php\/wp-json\/wp\/v2\/pages\/794","targetHints":{"allow":["GET"]}}],"collection":[{"href":"https:\/\/thierrydelsart.com\/index.php\/wp-json\/wp\/v2\/pages"}],"about":[{"href":"https:\/\/thierrydelsart.com\/index.php\/wp-json\/wp\/v2\/types\/page"}],"author":[{"embeddable":true,"href":"https:\/\/thierrydelsart.com\/index.php\/wp-json\/wp\/v2\/users\/1"}],"replies":[{"embeddable":true,"href":"https:\/\/thierrydelsart.com\/index.php\/wp-json\/wp\/v2\/comments?post=794"}],"version-history":[{"count":0,"href":"https:\/\/thierrydelsart.com\/index.php\/wp-json\/wp\/v2\/pages\/794\/revisions"}],"wp:attachment":[{"href":"https:\/\/thierrydelsart.com\/index.php\/wp-json\/wp\/v2\/media?parent=794"}],"curies":[{"name":"wp","href":"https:\/\/api.w.org\/{rel}","templated":true}]}}